{"id":307,"date":"2020-03-17T15:26:22","date_gmt":"2020-03-17T15:26:22","guid":{"rendered":"http:\/\/autorecanvisrs.es\/?page_id=307"},"modified":"2021-03-16T17:30:24","modified_gmt":"2021-03-16T17:30:24","slug":"aviso-legal","status":"publish","type":"page","link":"https:\/\/autorecanvisrs.es\/?page_id=307","title":{"rendered":"Aviso Legal"},"content":{"rendered":"<p>LEY DE LOS SERVICIOS DE LA SOCIEDAD DE LA INFORMACI\u00d3N (LSSI)<\/p>\n<p>AUTORECANVIS RS C.B., responsable del sitio web, en adelante RESPONSABLE, pone a disposici\u00f3n de los usuarios<br \/>\nel presente documento, con el que pretende dar cumplimiento a las obligaciones dispuestas en la Ley 34\/2002,<br \/>\nde 11 de julio, de Servicios de la Sociedad de la Informaci\u00f3n y de Comercio Electr\u00f3nico (LSSICE), BOE N.o 166, as\u00ed<br \/>\ncomo informar a todos los usuarios del sitio web respecto a cu\u00e1les son las condiciones de uso.<br \/>\nToda persona que acceda a este sitio web asume el papel de usuario, comprometi\u00e9ndose a la observancia y<br \/>\ncumplimiento riguroso de las disposiciones aqu\u00ed dispuestas, as\u00ed como a cualquier otra disposici\u00f3n legal que fuera<br \/>\nde aplicaci\u00f3n.<br \/>\nAUTORECANVIS RS C.B. se reserva el derecho de modificar cualquier tipo de informaci\u00f3n que pudiera aparecer<br \/>\nen el sitio web, sin que exista obligaci\u00f3n de preavisar o poner en conocimiento de los usuarios dichas<br \/>\nobligaciones, entendi\u00e9ndose como suficiente la publicaci\u00f3n en el sitio web de AUTORECANVIS RS C.B..<\/p>\n<p>1. DATOS IDENTIFICATIVOS<br \/>\nNombre de dominio: autorecanvisrs.es<br \/>\nNombre comercial: AUTORECANVIS RS<br \/>\nDenominaci\u00f3n social: AUTORECANVIS RS C.B.<br \/>\nNIF: E54434956<br \/>\nDomicilio social: Calle Col\u00f3n, 75 , 03700 VILLAJOYOSA (ALICANTE)<br \/>\nTel\u00e9fono: 965893700<br \/>\nE-mail: autorecanvisrs@autorecanvisrs.es<br \/>\n2. DERECHOS DE PROPIEDAD INTELECTUAL E INDUSTRIAL<br \/>\nEl sitio web, incluyendo a t\u00edtulo enunciativo pero no limitativo su programaci\u00f3n, edici\u00f3n, compilaci\u00f3n y dem\u00e1s<br \/>\nelementos necesarios para su funcionamiento, los dise\u00f1os, logotipos, texto y\/o gr\u00e1ficos, son propiedad del<br \/>\nRESPONSABLE o, si es el caso, dispone de licencia o autorizaci\u00f3n expresa por parte de los autores. Todos los<br \/>\ncontenidos del sitio web se encuentran debidamente protegidos por la normativa de propiedad intelectual e<br \/>\nindustrial, as\u00ed como inscritos en los registros p\u00fablicos correspondientes.<br \/>\nIndependientemente de la finalidad para la que fueran destinados, la reproducci\u00f3n total o parcial, uso,<br \/>\nexplotaci\u00f3n, distribuci\u00f3n y comercializaci\u00f3n, requiere en todo caso la autorizaci\u00f3n escrita previa por parte del<br \/>\nRESPONSABLE. Cualquier uso no autorizado previamente se considera un incumplimiento grave de los derechos<br \/>\nde propiedad intelectual o industrial del autor.<br \/>\nLos dise\u00f1os, logotipos, texto y\/o gr\u00e1ficos ajenos al RESPONSABLE y que pudieran aparecer en el sitio web,<br \/>\npertenecen a sus respectivos propietarios, siendo ellos mismos responsables de cualquier posible controversia<br \/>\nque pudiera suscitarse respecto a los mismos. El RESPONSABLE autoriza expresamente a que terceros puedan<br \/>\nredirigir directamente a los contenidos concretos del sitio web, y en todo caso redirigir al sitio web principal de<br \/>\nautorecanvisrs.es.<br \/>\nEl RESPONSABLE reconoce a favor de sus titulares los correspondientes derechos de propiedad intelectual e industrial, no implicando su sola menci\u00f3n o aparici\u00f3n en el sitio web la existencia de derechos o responsabilidad<br \/>\nalguna sobre los mismos, como tampoco respaldo, patrocinio o recomendaci\u00f3n por parte del mismo.<br \/>\nPara realizar cualquier tipo de observaci\u00f3n respecto a posibles incumplimientos de los derechos de propiedad<br \/>\nintelectual o industrial, as\u00ed como sobre cualquiera de los contenidos del sitio web, puede hacerlo a trav\u00e9s del<br \/>\ncorreo electr\u00f3nico autorecanvisrs@autorecanvisrs.es.<br \/>\n3. EXENCI\u00d3N DE RESPONSABILIDADES<br \/>\nEl RESPONSABLE se exime de cualquier tipo de responsabilidad derivada de la informaci\u00f3n publicada en su sitio<br \/>\nweb siempre que esta informaci\u00f3n haya sido manipulada o introducida por un tercero ajeno al mismo.<br \/>\nUso de Cookies<br \/>\nEste sitio web puede utilizar cookies t\u00e9cnicas (peque\u00f1os archivos de informaci\u00f3n que el servidor env\u00eda al<br \/>\nordenador de quien accede a la p\u00e1gina) para llevar a cabo determinadas funciones que son consideradas<br \/>\nimprescindibles para el correcto funcionamiento y visualizaci\u00f3n del sitio. Las cookies utilizadas tienen, en todo<br \/>\ncaso, car\u00e1cter temporal, con la \u00fanica finalidad de hacer m\u00e1s eficaz la navegaci\u00f3n, y desaparecen al terminar la<br \/>\nsesi\u00f3n del usuario. En ning\u00fan caso, estas cookies proporcionan por s\u00ed mismas datos de car\u00e1cter personal y no se<br \/>\nutilizar\u00e1n para la recogida de los mismos.<br \/>\nMediante el uso de cookies tambi\u00e9n es posible que el servidor donde se encuentra la web reconozca el<br \/>\nnavegador utilizado por el usuario con la finalidad de que la navegaci\u00f3n sea m\u00e1s sencilla, permitiendo, por<br \/>\nejemplo, el acceso de los usuarios que se hayan registrado previamente a las \u00e1reas, servicios, promociones o<br \/>\nconcursos reservados exclusivamente a ellos sin tener que registrarse en cada visita. Tambi\u00e9n se pueden utilizar<br \/>\npara medir la audiencia, par\u00e1metros de tr\u00e1fico, controlar el progreso y n\u00famero de entradas, etc., siendo en estos<br \/>\ncasos cookies prescindibles t\u00e9cnicamente, pero beneficiosas para el usuario. Este sitio web no instalar\u00e1 cookies<br \/>\nprescindibles sin el consentimiento previo del usuario.<br \/>\nEl usuario tiene la posibilidad de configurar su navegador para ser alertado de la recepci\u00f3n de cookies y para<br \/>\nimpedir su instalaci\u00f3n en su equipo. Por favor, consulte las instrucciones de su navegador para ampliar esta<br \/>\ninformaci\u00f3n.<\/p>\n<p>Pol\u00edtica de enlaces<br \/>\nDesde el sitio web, es posible que se redirija a contenidos de terceros sitios web. Dado que el RESPONSABLE no<br \/>\npuede controlar siempre los contenidos introducidos por terceros en sus respectivos sitios web, no asume<br \/>\nning\u00fan tipo de responsabilidad respecto a dichos contenidos. En todo caso, proceder\u00e1 a la retirada inmediata de<br \/>\ncualquier contenido que pudiera contravenir la legislaci\u00f3n nacional o internacional, la moral o el orden p\u00fablico,<br \/>\nprocediendo a la retirada inmediata de la redirecci\u00f3n a dicho sitio web, poniendo en conocimiento de las<br \/>\nautoridades competentes el contenido en cuesti\u00f3n.<br \/>\nEl RESPONSABLE no se hace responsable de la informaci\u00f3n y contenidos almacenados, a t\u00edtulo enunciativo pero<br \/>\nno limitativo, en foros, chats, generadores de blogs, comentarios, redes sociales o cualquier otro medio que<br \/>\npermita a terceros publicar contenidos de forma independiente en la p\u00e1gina web del RESPONSABLE. Sin<br \/>\nembargo, y en cumplimiento de lo dispuesto en los art\u00edculos 11 y 16 de la LSSICE, se pone a disposici\u00f3n de todos<br \/>\nlos usuarios, autoridades y fuerzas de seguridad, colaborando de forma activa en la retirada o, en su caso,<br \/>\nbloqueo de todos aquellos contenidos que puedan afectar o contravenir la legislaci\u00f3n nacional o internacional,<br \/>\nlos derechos de terceros o la moral y el orden p\u00fablico. En caso de que el usuario considere que existe en el sitio<br \/>\nweb alg\u00fan contenido que pudiera ser susceptible de esta clasificaci\u00f3n, se ruega lo notifique de forma inmediata<br \/>\nal administrador del sitio web.<\/p>\n<p>Este sitio web se ha revisado y probado para que funcione correctamente. En principio, puede garantizarse el<br \/>\ncorrecto funcionamiento los 365 d\u00edas del a\u00f1o, 24 horas al d\u00eda. Sin embargo, el RESPONSABLE no descarta la<br \/>\nposibilidad de que existan ciertos errores de programaci\u00f3n, o que acontezcan causas de fuerza mayor,<br \/>\ncat\u00e1strofes naturales, huelgas o circunstancias semejantes que hagan imposible el acceso a la p\u00e1gina web.<br \/>\nDirecciones IP<br \/>\nLos servidores del sitio web podr\u00e1n detectar de manera autom\u00e1tica la direcci\u00f3n IP y el nombre de dominio<br \/>\nutilizados por el usuario. Una direcci\u00f3n IP es un n\u00famero asignado autom\u00e1ticamente a un ordenador cuando este<br \/>\nse conecta a Internet. Toda esta informaci\u00f3n se registra en un fichero de actividad del servidor que permite el<br \/>\nposterior procesamiento de los datos con el fin de obtener mediciones \u00fanicamente estad\u00edsticas que permitan<br \/>\nconocer el n\u00famero de impresiones de p\u00e1ginas, el n\u00famero de visitas realizadas a los servidores web, el orden de<br \/>\nvisitas, el punto de acceso, etc.<br \/>\n4. LEY APLICABLE Y JURISDICCI\u00d3N<br \/>\nPara la resoluci\u00f3n de todas las controversias o cuestiones relacionadas con el presente sitio web o de las<br \/>\nactividades en \u00e9l desarrolladas, ser\u00e1 de aplicaci\u00f3n la legislaci\u00f3n espa\u00f1ola, a la que se someten expresamente las<br \/>\npartes, siendo competentes para la resoluci\u00f3n de todos los conflictos derivados o relacionados con su uso los<br \/>\nJuzgados y Tribunales m\u00e1s cercanos a VILLAJOYOSA.<\/p>\n","protected":false},"excerpt":{"rendered":"<p>LEY DE LOS SERVICIOS DE LA SOCIEDAD DE LA INFORMACI\u00d3N (LSSI) AUTORECANVIS RS C.B., responsable del sitio web, en adelante RESPONSABLE, pone a disposici\u00f3n de los usuarios el presente documento, con el que pretende dar cumplimiento a las obligaciones dispuestas en la Ley 34\/2002, de 11 de julio, de Servicios de la Sociedad de la [&hellip;]<\/p>\n","protected":false},"author":3,"featured_media":0,"parent":0,"menu_order":0,"comment_status":"closed","ping_status":"closed","template":"","meta":[],"_links":{"self":[{"href":"https:\/\/autorecanvisrs.es\/index.php?rest_route=\/wp\/v2\/pages\/307"}],"collection":[{"href":"https:\/\/autorecanvisrs.es\/index.php?rest_route=\/wp\/v2\/pages"}],"about":[{"href":"https:\/\/autorecanvisrs.es\/index.php?rest_route=\/wp\/v2\/types\/page"}],"author":[{"embeddable":true,"href":"https:\/\/autorecanvisrs.es\/index.php?rest_route=\/wp\/v2\/users\/3"}],"replies":[{"embeddable":true,"href":"https:\/\/autorecanvisrs.es\/index.php?rest_route=%2Fwp%2Fv2%2Fcomments&post=307"}],"version-history":[{"count":4,"href":"https:\/\/autorecanvisrs.es\/index.php?rest_route=\/wp\/v2\/pages\/307\/revisions"}],"predecessor-version":[{"id":327,"href":"https:\/\/autorecanvisrs.es\/index.php?rest_route=\/wp\/v2\/pages\/307\/revisions\/327"}],"wp:attachment":[{"href":"https:\/\/autorecanvisrs.es\/index.php?rest_route=%2Fwp%2Fv2%2Fmedia&parent=307"}],"curies":[{"name":"wp","href":"https:\/\/api.w.org\/{rel}","templated":true}]}}